{"id":5093,"date":"2022-05-04T20:45:54","date_gmt":"2022-05-04T20:45:54","guid":{"rendered":"https:\/\/www.vipsmotel.it\/privacy-policy\/"},"modified":"2024-07-01T20:25:25","modified_gmt":"2024-07-01T20:25:25","slug":"privacy-policy","status":"publish","type":"page","link":"https:\/\/www.vipsmotel.it\/de\/privacy-policy\/","title":{"rendered":"Privacy Policy"},"content":{"rendered":"\t\t<div data-elementor-type=\"wp-page\" data-elementor-id=\"5093\" class=\"elementor elementor-5093 elementor-4989\" data-elementor-post-type=\"page\">\n\t\t\t\t\t\t<section class=\"elementor-section elementor-top-section elementor-element elementor-element-36cec0e elementor-section-boxed elementor-section-height-default elementor-section-height-default\" data-id=\"36cec0e\" data-element_type=\"section\" data-e-type=\"section\">\n\t\t\t\t\t\t<div class=\"elementor-container elementor-column-gap-default\">\n\t\t\t\t\t<div class=\"elementor-column elementor-col-100 elementor-top-column elementor-element elementor-element-668d423\" data-id=\"668d423\" data-element_type=\"column\" data-e-type=\"column\">\n\t\t\t<div class=\"elementor-widget-wrap elementor-element-populated\">\n\t\t\t\t\t\t<div class=\"elementor-element elementor-element-6b34203 elementor-widget elementor-widget-spacer\" data-id=\"6b34203\" data-element_type=\"widget\" data-e-type=\"widget\" data-widget_type=\"spacer.default\">\n\t\t\t\t<div class=\"elementor-widget-container\">\n\t\t\t\t\t\t\t<div class=\"elementor-spacer\">\n\t\t\t<div class=\"elementor-spacer-inner\"><\/div>\n\t\t<\/div>\n\t\t\t\t\t\t<\/div>\n\t\t\t\t<\/div>\n\t\t\t\t<div class=\"elementor-element elementor-element-70cc704 elementor-widget elementor-widget-text-editor\" data-id=\"70cc704\" data-element_type=\"widget\" data-e-type=\"widget\" data-widget_type=\"text-editor.default\">\n\t\t\t\t<div class=\"elementor-widget-container\">\n\t\t\t\t\t\t\t\t\t<p class=\"p1\"><span class=\"s1\"><b> Datenschutzrichtlinie <\/b><a href=\"http:\/\/www.vipsmotel.it\"><span class=\"s2\"><b>www.vipsmotel.it<\/b><\/span><\/a><b> <\/b><\/span><\/p>\n<p class=\"p2\"><span class=\"s1\"><b>INFORMATIONEN \u00dcBER DIE VERARBEITUNG PERSONENBEZOGENER DATEN gem\u00e4\u00df Art. 13 General Data Protection Regulation (Datenschutz-Grundverordnung) &#8211; EU-Verordnung 2016\/679<\/b><\/span><\/p>\n<p class=\"p2\"><span class=\"s1\">Sehr geehrter Nutzer, die personenbezogenen Daten (Name, Firma und E-Mail), die Sie dem f\u00fcr die Verarbeitung Verantwortlichen \u00fcber die Zugangs- und Buchungsformulare auf der Website <a href=\"http:\/\/www.vipsmotel.it\"><span class=\"s3\">www.vipsmotel.it<\/span><\/a> oder durch ein Schreiben an eine der dort angegebenen E-Mail-Adressen zur Verf\u00fcgung stellen, k\u00f6nnen mit Hilfe elektronischer und papiergest\u00fctzter Instrumente f\u00fcr folgende Zwecke verarbeitet werden:<\/span><\/p>\n<ul class=\"ul1\">\n<li class=\"li2\">um Ihnen Kundendienst zu bieten und Ihre Anfragen zu beantworten;<\/li>\n<li class=\"li2\">f\u00fcr statistische Erhebungen wie die Berechnung der Verweildauer der Nutzer auf bestimmten Seiten der Website;<\/li>\n<li class=\"li2\">um bei Bedarf Angebote zu unseren Dienstleistungen zu erstellen.<\/li>\n<\/ul>\n<p class=\"p3\">F\u00fcr die oben genannten Zwecke ist die \u00dcbermittlung der Daten fakultativ, so dass eine Ablehnung Ihrerseits keine anderen Auswirkungen hat, au\u00dfer dass die oben genannten Ma\u00dfnahmen nicht durchgef\u00fchrt werden k\u00f6nnen.<\/p>\n<p>Ihre personenbezogenen Daten k\u00f6nnen mit Hilfe von elektronischen und\/oder telematischen Instrumenten sowie mit Hilfe von Dokumenten und Archiven in Papierform unter Einhaltung der gesetzlichen Bestimmungen verarbeitet werden, die darauf abzielen, ihre Vertraulichkeit und Sicherheit sowie die Richtigkeit, Aktualisierung und Relevanz der Daten im Hinblick auf die oben genannten Zwecke zu gew\u00e4hrleisten, sowie den Zugriff und die anschlie\u00dfende Verarbeitung durch Unbefugte zu verhindern.<br>Ihre pers\u00f6nlichen Daten werden vom Unterzeichner zum Zweck der Durchf\u00fchrung der \u00fcber die Website angeforderten Dienstleistungen oder Ma\u00dfnahmen gespeichert und nach Ablauf der gesetzlich vorgeschriebenen Mindestfrist gel\u00f6scht oder anonymisiert.<\/p>\n<p>Es werden keine personenbezogenen Daten an ein Nicht-EU-Land weitergegeben oder \u00fcbertragen.<br>Unbeschadet der Weitergabe zur Erf\u00fcllung von Verpflichtungen, die in Gesetzen, Verordnungen oder gemeinschaftlichen Rechtsvorschriften vorgesehen sind, werden Ihre Daten von Angestellten und Mitarbeitern des Unterzeichners hinsichtlich der konkreten Aufgaben verarbeitet und k\u00f6nnen in Italien an Beh\u00f6rden oder \u00f6ffentliche Einrichtungen sowie an Lieferanten des Unterzeichners weitergegeben werden, die auf Ihre Daten zugreifen m\u00fcssen, um die \u00fcber die Website angebotenen Dienstleistungen zu erbringen. In jedem Fall werden nur die personenbezogenen Daten \u00fcbermittelt, die erforderlich sind, um den Zweck umzusetzen, f\u00fcr den sie erhoben wurden, und zwar unter vollst\u00e4ndiger Wahrung der erforderlichen Sicherheit und Vertraulichkeit der Daten.<\/p>\n<p class=\"p3\">Hinsichtlich dieser Daten k\u00f6nnen Sie jederzeit durch eine einfache schriftliche Anfrage an den f\u00fcr die Verarbeitung Verantwortlichen, auch per E-Mail oder \u00fcber eine beauftragte Person, Folgendes beantragen:<\/p>\n<ol class=\"ol1\">\n<li class=\"li2\">Zugang zu personenbezogenen Daten erhalten, um die Herkunft der Daten, den Zweck der Verarbeitung, die auf die Verarbeitung angewandte Logik unter Verwendung elektronischer Mittel, Datenkategorien, Empf\u00e4nger (oder Kategorien von Empf\u00e4ngern), denen die Daten mitgeteilt werden, Dauer der Speicherung und deren \u00dcbermittlung in verst\u00e4ndlicher Form zu erfahren;<\/li>\n<li class=\"li2\">Berichtigung, Erg\u00e4nzung, L\u00f6schung von Daten oder Einschr\u00e4nkung der Verarbeitung verlangen;<\/li>\n<li class=\"li2\">gegen die Verarbeitung Ihrer personenbezogenen Daten Widerspruch einlegen;<\/li>\n<li class=\"li2\">gegebenenfalls die Daten\u00fcbertragbarkeit erhalten;<\/li>\n<li class=\"li2\">die Zustimmung jederzeit widerrufen;<\/li>\n<li class=\"li4\"><span class=\"s1\">eine Beschwerde bei der Aufsichtsbeh\u00f6rde unter folgender Adresse einreichen: <a href=\"https:\/\/www.garanteprivacy.it\/home\/modulistica-e-servizi-online\"><span class=\"s3\">https:\/\/www.garanteprivacy.it\/home\/modulistica-e-servizi-online<\/span><\/a> .<\/span><\/li>\n<\/ol>\n<p class=\"p3\">Der Inhaber der Datenverarbeitung ist die VIP\u2019S Srl, mit Sitz in Via Rassica, 9\/b &#8211; 25017 Lonato del Garda (BS) &#8211; Steuer- und Umsatzsteuer-Identifikationsnummer 01556090189, die unter den folgenden Adressen kontaktiert werden kann: Tel. 030 9133376, 030 9133489, 030 9919706, Fax 030 9135515<\/p>\n<p class=\"p5\"><span class=\"s5\"><a href=\"mailto:info@vipsmotel.it\">info@vipsmotel.it<\/a><\/span><\/p>\t\t\t\t\t\t\t\t<\/div>\n\t\t\t\t<\/div>\n\t\t\t\t<div class=\"elementor-element elementor-element-274f10c elementor-widget elementor-widget-spacer\" data-id=\"274f10c\" data-element_type=\"widget\" data-e-type=\"widget\" data-widget_type=\"spacer.default\">\n\t\t\t\t<div class=\"elementor-widget-container\">\n\t\t\t\t\t\t\t<div class=\"elementor-spacer\">\n\t\t\t<div class=\"elementor-spacer-inner\"><\/div>\n\t\t<\/div>\n\t\t\t\t\t\t<\/div>\n\t\t\t\t<\/div>\n\t\t\t\t\t<\/div>\n\t\t<\/div>\n\t\t\t\t\t<\/div>\n\t\t<\/section>\n\t\t\t\t<\/div>\n\t\t","protected":false},"excerpt":{"rendered":"<p>Datenschutzrichtlinie www.vipsmotel.it INFORMATIONEN \u00dcBER DIE VERARBEITUNG PERSONENBEZOGENER DATEN gem\u00e4\u00df Art. 13 General Data Protection Regulation (Datenschutz-Grundverordnung) &#8211; EU-Verordnung 2016\/679 Sehr geehrter Nutzer, die personenbezogenen Daten (Name, Firma und E-Mail), die Sie dem f\u00fcr die Verarbeitung Verantwortlichen \u00fcber die Zugangs- und Buchungsformulare auf der Website www.vipsmotel.it oder durch ein Schreiben an eine der dort angegebenen E-Mail-Adressen&hellip;<\/p>\n","protected":false},"author":1,"featured_media":4795,"parent":0,"menu_order":0,"comment_status":"closed","ping_status":"closed","template":"","meta":{"inline_featured_image":false,"footnotes":""},"class_list":["post-5093","page","type-page","status-publish","has-post-thumbnail","hentry"],"yoast_head":"<!-- This site is optimized with the Yoast SEO plugin v27.3 - https:\/\/yoast.com\/product\/yoast-seo-wordpress\/ -->\n<title>Privacy Policy - Hotel Desenzano Verona Vicino Autostrada Albergo<\/title>\n<meta name=\"robots\" content=\"index, follow, max-snippet:-1, max-image-preview:large, max-video-preview:-1\" \/>\n<link rel=\"canonical\" href=\"https:\/\/www.vipsmotel.it\/de\/privacy-policy\/\" \/>\n<meta property=\"og:locale\" content=\"de_DE\" \/>\n<meta property=\"og:type\" content=\"article\" \/>\n<meta property=\"og:title\" content=\"Privacy Policy - Hotel Desenzano Verona Vicino Autostrada Albergo\" \/>\n<meta property=\"og:description\" content=\"Datenschutzrichtlinie www.vipsmotel.it INFORMATIONEN \u00dcBER DIE VERARBEITUNG PERSONENBEZOGENER DATEN gem\u00e4\u00df Art. 13 General Data Protection Regulation (Datenschutz-Grundverordnung) &#8211; EU-Verordnung 2016\/679 Sehr geehrter Nutzer, die personenbezogenen Daten (Name, Firma und E-Mail), die Sie dem f\u00fcr die Verarbeitung Verantwortlichen \u00fcber die Zugangs- und Buchungsformulare auf der Website www.vipsmotel.it oder durch ein Schreiben an eine der dort angegebenen E-Mail-Adressen&hellip;\" \/>\n<meta property=\"og:url\" content=\"https:\/\/www.vipsmotel.it\/de\/privacy-policy\/\" \/>\n<meta property=\"og:site_name\" content=\"Hotel Desenzano Verona Vicino Autostrada Albergo\" \/>\n<meta property=\"article:modified_time\" content=\"2024-07-01T20:25:25+00:00\" \/>\n<meta property=\"og:image\" content=\"https:\/\/www.vipsmotel.it\/wp-content\/uploads\/2022\/04\/hall7.jpg\" \/>\n\t<meta property=\"og:image:width\" content=\"1524\" \/>\n\t<meta property=\"og:image:height\" content=\"785\" \/>\n\t<meta property=\"og:image:type\" content=\"image\/jpeg\" \/>\n<meta name=\"twitter:card\" content=\"summary_large_image\" \/>\n<meta name=\"twitter:label1\" content=\"Gesch\u00e4tzte Lesezeit\" \/>\n\t<meta name=\"twitter:data1\" content=\"3\u00a0Minuten\" \/>\n<script type=\"application\/ld+json\" class=\"yoast-schema-graph\">{\"@context\":\"https:\\\/\\\/schema.org\",\"@graph\":[{\"@type\":\"WebPage\",\"@id\":\"https:\\\/\\\/www.vipsmotel.it\\\/de\\\/privacy-policy\\\/\",\"url\":\"https:\\\/\\\/www.vipsmotel.it\\\/de\\\/privacy-policy\\\/\",\"name\":\"Privacy Policy - Hotel Desenzano Verona Vicino Autostrada Albergo\",\"isPartOf\":{\"@id\":\"https:\\\/\\\/www.vipsmotel.it\\\/de\\\/#website\"},\"primaryImageOfPage\":{\"@id\":\"https:\\\/\\\/www.vipsmotel.it\\\/de\\\/privacy-policy\\\/#primaryimage\"},\"image\":{\"@id\":\"https:\\\/\\\/www.vipsmotel.it\\\/de\\\/privacy-policy\\\/#primaryimage\"},\"thumbnailUrl\":\"https:\\\/\\\/www.vipsmotel.it\\\/wp-content\\\/uploads\\\/2022\\\/04\\\/hall7.jpg\",\"datePublished\":\"2022-05-04T20:45:54+00:00\",\"dateModified\":\"2024-07-01T20:25:25+00:00\",\"breadcrumb\":{\"@id\":\"https:\\\/\\\/www.vipsmotel.it\\\/de\\\/privacy-policy\\\/#breadcrumb\"},\"inLanguage\":\"de\",\"potentialAction\":[{\"@type\":\"ReadAction\",\"target\":[\"https:\\\/\\\/www.vipsmotel.it\\\/de\\\/privacy-policy\\\/\"]}]},{\"@type\":\"ImageObject\",\"inLanguage\":\"de\",\"@id\":\"https:\\\/\\\/www.vipsmotel.it\\\/de\\\/privacy-policy\\\/#primaryimage\",\"url\":\"https:\\\/\\\/www.vipsmotel.it\\\/wp-content\\\/uploads\\\/2022\\\/04\\\/hall7.jpg\",\"contentUrl\":\"https:\\\/\\\/www.vipsmotel.it\\\/wp-content\\\/uploads\\\/2022\\\/04\\\/hall7.jpg\",\"width\":1524,\"height\":785},{\"@type\":\"BreadcrumbList\",\"@id\":\"https:\\\/\\\/www.vipsmotel.it\\\/de\\\/privacy-policy\\\/#breadcrumb\",\"itemListElement\":[{\"@type\":\"ListItem\",\"position\":1,\"name\":\"Home\",\"item\":\"https:\\\/\\\/www.vipsmotel.it\\\/de\\\/\"},{\"@type\":\"ListItem\",\"position\":2,\"name\":\"Privacy Policy\"}]},{\"@type\":\"WebSite\",\"@id\":\"https:\\\/\\\/www.vipsmotel.it\\\/de\\\/#website\",\"url\":\"https:\\\/\\\/www.vipsmotel.it\\\/de\\\/\",\"name\":\"Hotel Desenzano Verona Vicino Autostrada Albergo\",\"description\":\"Vip&rsquo;s Motel\",\"potentialAction\":[{\"@type\":\"SearchAction\",\"target\":{\"@type\":\"EntryPoint\",\"urlTemplate\":\"https:\\\/\\\/www.vipsmotel.it\\\/de\\\/?s={search_term_string}\"},\"query-input\":{\"@type\":\"PropertyValueSpecification\",\"valueRequired\":true,\"valueName\":\"search_term_string\"}}],\"inLanguage\":\"de\"}]}<\/script>\n<!-- \/ Yoast SEO plugin. -->","yoast_head_json":{"title":"Privacy Policy - Hotel Desenzano Verona Vicino Autostrada Albergo","robots":{"index":"index","follow":"follow","max-snippet":"max-snippet:-1","max-image-preview":"max-image-preview:large","max-video-preview":"max-video-preview:-1"},"canonical":"https:\/\/www.vipsmotel.it\/de\/privacy-policy\/","og_locale":"de_DE","og_type":"article","og_title":"Privacy Policy - Hotel Desenzano Verona Vicino Autostrada Albergo","og_description":"Datenschutzrichtlinie www.vipsmotel.it INFORMATIONEN \u00dcBER DIE VERARBEITUNG PERSONENBEZOGENER DATEN gem\u00e4\u00df Art. 13 General Data Protection Regulation (Datenschutz-Grundverordnung) &#8211; EU-Verordnung 2016\/679 Sehr geehrter Nutzer, die personenbezogenen Daten (Name, Firma und E-Mail), die Sie dem f\u00fcr die Verarbeitung Verantwortlichen \u00fcber die Zugangs- und Buchungsformulare auf der Website www.vipsmotel.it oder durch ein Schreiben an eine der dort angegebenen E-Mail-Adressen&hellip;","og_url":"https:\/\/www.vipsmotel.it\/de\/privacy-policy\/","og_site_name":"Hotel Desenzano Verona Vicino Autostrada Albergo","article_modified_time":"2024-07-01T20:25:25+00:00","og_image":[{"width":1524,"height":785,"url":"https:\/\/www.vipsmotel.it\/wp-content\/uploads\/2022\/04\/hall7.jpg","type":"image\/jpeg"}],"twitter_card":"summary_large_image","twitter_misc":{"Gesch\u00e4tzte Lesezeit":"3\u00a0Minuten"},"schema":{"@context":"https:\/\/schema.org","@graph":[{"@type":"WebPage","@id":"https:\/\/www.vipsmotel.it\/de\/privacy-policy\/","url":"https:\/\/www.vipsmotel.it\/de\/privacy-policy\/","name":"Privacy Policy - Hotel Desenzano Verona Vicino Autostrada Albergo","isPartOf":{"@id":"https:\/\/www.vipsmotel.it\/de\/#website"},"primaryImageOfPage":{"@id":"https:\/\/www.vipsmotel.it\/de\/privacy-policy\/#primaryimage"},"image":{"@id":"https:\/\/www.vipsmotel.it\/de\/privacy-policy\/#primaryimage"},"thumbnailUrl":"https:\/\/www.vipsmotel.it\/wp-content\/uploads\/2022\/04\/hall7.jpg","datePublished":"2022-05-04T20:45:54+00:00","dateModified":"2024-07-01T20:25:25+00:00","breadcrumb":{"@id":"https:\/\/www.vipsmotel.it\/de\/privacy-policy\/#breadcrumb"},"inLanguage":"de","potentialAction":[{"@type":"ReadAction","target":["https:\/\/www.vipsmotel.it\/de\/privacy-policy\/"]}]},{"@type":"ImageObject","inLanguage":"de","@id":"https:\/\/www.vipsmotel.it\/de\/privacy-policy\/#primaryimage","url":"https:\/\/www.vipsmotel.it\/wp-content\/uploads\/2022\/04\/hall7.jpg","contentUrl":"https:\/\/www.vipsmotel.it\/wp-content\/uploads\/2022\/04\/hall7.jpg","width":1524,"height":785},{"@type":"BreadcrumbList","@id":"https:\/\/www.vipsmotel.it\/de\/privacy-policy\/#breadcrumb","itemListElement":[{"@type":"ListItem","position":1,"name":"Home","item":"https:\/\/www.vipsmotel.it\/de\/"},{"@type":"ListItem","position":2,"name":"Privacy Policy"}]},{"@type":"WebSite","@id":"https:\/\/www.vipsmotel.it\/de\/#website","url":"https:\/\/www.vipsmotel.it\/de\/","name":"Hotel Desenzano Verona Vicino Autostrada Albergo","description":"Vip&rsquo;s Motel","potentialAction":[{"@type":"SearchAction","target":{"@type":"EntryPoint","urlTemplate":"https:\/\/www.vipsmotel.it\/de\/?s={search_term_string}"},"query-input":{"@type":"PropertyValueSpecification","valueRequired":true,"valueName":"search_term_string"}}],"inLanguage":"de"}]}},"_links":{"self":[{"href":"https:\/\/www.vipsmotel.it\/de\/wp-json\/wp\/v2\/pages\/5093","targetHints":{"allow":["GET"]}}],"collection":[{"href":"https:\/\/www.vipsmotel.it\/de\/wp-json\/wp\/v2\/pages"}],"about":[{"href":"https:\/\/www.vipsmotel.it\/de\/wp-json\/wp\/v2\/types\/page"}],"author":[{"embeddable":true,"href":"https:\/\/www.vipsmotel.it\/de\/wp-json\/wp\/v2\/users\/1"}],"replies":[{"embeddable":true,"href":"https:\/\/www.vipsmotel.it\/de\/wp-json\/wp\/v2\/comments?post=5093"}],"version-history":[{"count":13,"href":"https:\/\/www.vipsmotel.it\/de\/wp-json\/wp\/v2\/pages\/5093\/revisions"}],"predecessor-version":[{"id":10837,"href":"https:\/\/www.vipsmotel.it\/de\/wp-json\/wp\/v2\/pages\/5093\/revisions\/10837"}],"wp:featuredmedia":[{"embeddable":true,"href":"https:\/\/www.vipsmotel.it\/de\/wp-json\/wp\/v2\/media\/4795"}],"wp:attachment":[{"href":"https:\/\/www.vipsmotel.it\/de\/wp-json\/wp\/v2\/media?parent=5093"}],"curies":[{"name":"wp","href":"https:\/\/api.w.org\/{rel}","templated":true}]}}